{"id":1237,"date":"2023-05-21T20:23:45","date_gmt":"2023-05-21T20:23:45","guid":{"rendered":"https:\/\/pizzeriamirella.se\/?page_id=1237"},"modified":"2025-05-06T16:29:41","modified_gmt":"2025-05-06T16:29:41","slug":"sallader","status":"publish","type":"page","link":"https:\/\/pizzeriamirella.se\/?page_id=1237","title":{"rendered":"Sallader"},"content":{"rendered":"<div>\n<h3>Sallader<\/h3>\n<\/div>\n<h2>Sallader<\/h2>\n<ul>\n<li>\n<h3>Ost och Skinksallad<\/h3>\n<p>149:-<\/p>\n<div>\n<p>Skinka, Ost<\/p>\n<\/div>\n<\/li>\n<li>\n<h3>R\u00e4ksallad<\/h3>\n<p>149:-<\/p>\n<div>\n<p>R\u00e4kor, \u00c4gg, Citron, F\u00e4rska champinjoner<\/p>\n<\/div>\n<\/li>\n<li>\n<h3>Kycklingsallad<\/h3>\n<p>149:-<\/p>\n<div>\n<p>Kyckling, Paprika, L\u00f6k<\/p>\n<\/div>\n<\/li>\n<li>\n<h3>Tonfisksallad<\/h3>\n<p>149:-<\/p>\n<div>\n<p>Tonfisk, L\u00f6k, \u00c4gg, Oliver, Citron<\/p>\n<\/div>\n<\/li>\n<li>\n<h3>Grekisk Sallad<\/h3>\n<p>149:-<\/p>\n<div>\n<p>F\u00e5rost, L\u00f6k, Papprika, Oliver<\/p>\n<\/div>\n<\/li>\n<li>\n<h3>Avokadosallad<\/h3>\n<p>149:-<\/p>\n<div>\n<p>R\u00e4kor, Ananas, Avokado, Keso, Citron<\/p>\n<\/div>\n<\/li>\n<li>\n<h3>Kebabsallad<\/h3>\n<p>149:-<\/p>\n<div>\n<p>Kebab, Pepperoni, L\u00f6k<\/p>\n<\/div>\n<\/li>\n<li>\n<h3>Vegetarisk Sallad<\/h3>\n<p>149:-<\/p>\n<div>\n<p>F\u00e4rska champinjoner, Paprika, Ananas, Kron\u00e4rtskocka, Oliver<\/p>\n<\/div>\n<\/li>\n<li>\n<h3>Ceasarsallad<\/h3>\n<p>159:-<\/p>\n<div>\n<p>Grillad kycklingfil\u00e9, Sallad, Bacon, Krutonger, K\u00f6rb\u00e4rstomat, Parmesan, Ceasar dressing<\/p>\n<\/div>\n<\/li>\n<li>\n<h3>Halloumisallad<\/h3>\n<p>159:-<\/p>\n<div>\n<p>Grillad halloumi, Sallad, Paprika, Bulgur eller L\u00f6k, Tomat, Vitl\u00f6ksbr\u00f6d, Vitl\u00f6ksdressing<\/p>\n<\/div>\n<\/li>\n<\/ul>\n<p><!--more--><br \/>\n<!-- {\"type\":\"layout\",\"children\":[{\"name\":\"Hero\",\"type\":\"section\",\"props\":{\"animation\":\"scale-up\",\"header_transparent\":true,\"header_transparent_noplaceholder\":false,\"height\":\"viewport\",\"height_offset_top\":true,\"height_viewport\":80,\"image\":\"wp-content\\\/uploads\\\/2023\\\/05\\\/pexels-photo-764925.jpeg\",\"image_loading\":true,\"image_position\":\"center-center\",\"image_size\":\"cover\",\"media_blend_mode\":\"overlay\",\"media_overlay\":\"rgba(101, 99, 99, 0.35)\",\"padding\":\"xsmall\",\"style\":\"default\",\"text_color\":\"light\",\"title_breakpoint\":\"xl\",\"title_position\":\"top-left\",\"title_rotation\":\"left\",\"vertical_align\":\"middle\",\"width\":\"expand\"},\"children\":[{\"type\":\"row\",\"children\":[{\"type\":\"column\",\"props\":{\"image_position\":\"center-center\",\"position_sticky_breakpoint\":\"m\",\"width_medium\":\"1-1\"},\"children\":[{\"type\":\"panel\",\"props\":{\"block_align\":\"center\",\"content\":\"\",\"content_column_breakpoint\":\"m\",\"css\":\".el-section{\\n    border-radius: 24px;\\n}\",\"icon_width\":80,\"image_align\":\"top\",\"image_grid_breakpoint\":\"m\",\"image_grid_width\":\"1-2\",\"image_svg_color\":\"emphasis\",\"link_style\":\"default\",\"link_text\":\"Read more\",\"margin\":\"default\",\"maxwidth\":\"large\",\"meta_align\":\"below-title\",\"meta_element\":\"div\",\"meta_style\":\"text-meta\",\"panel_padding\":\"small\",\"panel_style\":\"card-secondary\",\"text_align\":\"center\",\"title\":\"Sallader\",\"title_align\":\"top\",\"title_element\":\"h3\",\"title_grid_breakpoint\":\"m\",\"title_grid_width\":\"1-2\",\"title_hover_style\":\"reset\",\"title_style\":\"h1\"}}]}]}]},{\"name\":\"Pizzor\",\"type\":\"section\",\"props\":{\"image_effect\":\"parallax\",\"image_parallax_bgy\":\"-600,0\",\"image_parallax_easing\":\"1\",\"image_position\":\"center-right\",\"image_width\":\"480\",\"media_visibility\":\"m\",\"padding\":\"small\",\"style\":\"default\",\"title_breakpoint\":\"xl\",\"title_position\":\"top-left\",\"title_rotation\":\"left\",\"vertical_align\":\"\",\"width\":\"xlarge\"},\"children\":[{\"type\":\"row\",\"children\":[{\"type\":\"column\",\"props\":{\"image_position\":\"center-center\",\"position_sticky_breakpoint\":\"m\",\"width_medium\":\"1-1\"},\"children\":[{\"type\":\"headline\",\"props\":{\"content\":\"Sallader\",\"text_align\":\"center\",\"title_element\":\"h2\",\"title_style\":\"heading-medium\"}}]}]},{\"type\":\"row\",\"props\":{\"column_gap\":\"large\",\"layout\":\"1-3,1-3,1-3\",\"margin\":\"large\",\"margin_remove_top\":false,\"row_gap\":\"large\"},\"children\":[{\"type\":\"column\",\"props\":{\"image_position\":\"center-center\",\"position_sticky_breakpoint\":\"m\",\"width_medium\":\"1-3\"}},{\"type\":\"column\",\"props\":{\"image_position\":\"center-center\",\"position_sticky_breakpoint\":\"m\",\"width_medium\":\"1-3\"},\"children\":[{\"type\":\"description_list\",\"props\":{\"column_breakpoint\":\"m\",\"layout\":\"grid-2-m\",\"list_element\":\"ul\",\"list_size\":\"large\",\"meta_align\":\"below-content\",\"meta_style\":\"h5\",\"show_content\":true,\"show_link\":true,\"show_meta\":true,\"show_title\":true,\"title_element\":\"h3\",\"title_grid_column_gap\":\"small\",\"title_grid_row_gap\":\"small\",\"title_grid_width\":\"expand\",\"title_style\":\"h5\"},\"children\":[{\"type\":\"description_list_item\",\"props\":{\"content\":\"\n\n<p>Skinka, Ost<\\\/p>\",\"meta\":\"149:-\",\"title\":\"Ost och Skinksallad\"}},{\"type\":\"description_list_item\",\"props\":{\"content\":\"\n\n<p>R\\u00e4kor, \\u00c4gg, Citron, F\\u00e4rska champinjoner<\\\/p>\",\"meta\":\"149:-\",\"title\":\"R\\u00e4ksallad\"}},{\"type\":\"description_list_item\",\"props\":{\"content\":\"\n\n<p>Kyckling, Paprika, L\\u00f6k<\\\/p>\",\"meta\":\"149:-\",\"title\":\"Kycklingsallad\"}},{\"type\":\"description_list_item\",\"props\":{\"content\":\"\n\n<p>Tonfisk, L\\u00f6k, \\u00c4gg, Oliver, Citron<\\\/p>\",\"meta\":\"149:-\",\"title\":\"Tonfisksallad\"}},{\"type\":\"description_list_item\",\"props\":{\"content\":\"\n\n<p>F\\u00e5rost, L\\u00f6k, Papprika, Oliver<\\\/p>\",\"meta\":\"149:-\",\"title\":\"Grekisk Sallad\"}},{\"type\":\"description_list_item\",\"props\":{\"content\":\"\n\n<p>R\\u00e4kor, Ananas, Avokado, Keso, Citron<\\\/p>\",\"meta\":\"149:-\",\"title\":\"Avokadosallad\"}},{\"type\":\"description_list_item\",\"props\":{\"content\":\"\n\n<p>Kebab, Pepperoni, L\\u00f6k<\\\/p>\",\"meta\":\"149:-\",\"title\":\"Kebabsallad\"}},{\"type\":\"description_list_item\",\"props\":{\"content\":\"\n\n<p>F\\u00e4rska champinjoner, Paprika, Ananas, Kron\\u00e4rtskocka, Oliver<\\\/p>\",\"meta\":\"149:-\",\"title\":\"Vegetarisk Sallad\"}},{\"type\":\"description_list_item\",\"props\":{\"content\":\"\n\n<p>Grillad kycklingfil\\u00e9, Sallad, Bacon, Krutonger, K\\u00f6rb\\u00e4rstomat, Parmesan, Ceasar dressing<\\\/p>\",\"meta\":\"159:-\",\"title\":\"Ceasarsallad\"}},{\"type\":\"description_list_item\",\"props\":{\"content\":\"\n\n<p>Grillad halloumi, Sallad, Paprika, Bulgur eller L\\u00f6k, Tomat, Vitl\\u00f6ksbr\\u00f6d, Vitl\\u00f6ksdressing<\\\/p>\",\"meta\":\"159:-\",\"title\":\"Halloumisallad\"}}]}]},{\"type\":\"column\",\"props\":{\"image_position\":\"center-center\",\"position_sticky_breakpoint\":\"m\",\"width_medium\":\"1-3\"}}]}]},{\"name\":\"Gallery\",\"type\":\"section\",\"props\":{\"image_position\":\"center-center\",\"padding_remove_top\":true,\"style\":\"default\",\"title_breakpoint\":\"xl\",\"title_position\":\"top-left\",\"title_rotation\":\"left\",\"vertical_align\":\"\",\"width\":\"\"},\"children\":[{\"type\":\"row\",\"props\":{\"column_gap\":\"small\",\"layout\":\"1-2,1-4,1-4|1-1,1-2,1-2\",\"margin\":\"xlarge\",\"row_gap\":\"small\"},\"children\":[{\"type\":\"column\",\"props\":{\"css\":\".el-column {\\n\\tmin-height: 550px;\\n}\\n\\n@media (min-width: 1200px) {\\n    .el-column { min-height: 650px; }\\n}\\n\\n@media (min-width: 1921px) {\\n    .el-column { min-height: 750px; }\\n}\",\"image\":\"wp-content\\\/uploads\\\/2023\\\/05\\\/WhatsApp-Bild-2023-05-16-kl.-16.15.41.jpg\",\"image_position\":\"center-center\",\"image_size\":\"cover\",\"position_sticky_breakpoint\":\"m\",\"width_large\":\"1-2\",\"width_medium\":\"1-1\"}},{\"type\":\"column\",\"props\":{\"css\":\".el-column {\\n\\tmin-height: 300px;\\n}\",\"image\":\"wp-content\\\/uploads\\\/2023\\\/05\\\/WhatsApp-Bild-2023-05-16-kl.-16.17.05.jpg\",\"image_position\":\"center-center\",\"image_size\":\"cover\",\"position_sticky_breakpoint\":\"m\",\"width_large\":\"1-4\",\"width_medium\":\"1-2\"}},{\"type\":\"column\",\"props\":{\"css\":\".el-column {\\n\\tmin-height: 300px;\\n}\",\"image\":\"wp-content\\\/uploads\\\/2023\\\/05\\\/WhatsApp-Bild-2023-05-16-kl.-16.16.53.jpg\",\"image_position\":\"center-center\",\"image_size\":\"cover\",\"position_sticky_breakpoint\":\"m\",\"width_large\":\"1-4\",\"width_medium\":\"1-2\"}}]}]}],\"version\":\"4.5.15\"} --><\/p>\n","protected":false},"excerpt":{"rendered":"<p>Sallader Sallader Ost och Skinksallad 149:- Skinka, Ost R\u00e4ksallad 149:- R\u00e4kor, \u00c4gg, Citron, F\u00e4rska champinjoner Kycklingsallad 149:- Kyckling, Paprika, L\u00f6k Tonfisksallad 149:- Tonfisk, L\u00f6k, \u00c4gg, Oliver, Citron Grekisk Sallad 149:- F\u00e5rost, L\u00f6k, Papprika, Oliver Avokadosallad 149:- R\u00e4kor, Ananas, Avokado, Keso, Citron Kebabsallad 149:- Kebab, Pepperoni, L\u00f6k Vegetarisk Sallad 149:- F\u00e4rska champinjoner, Paprika, Ananas, Kron\u00e4rtskocka, Oliver [&hellip;]<\/p>\n","protected":false},"author":1,"featured_media":0,"parent":0,"menu_order":0,"comment_status":"closed","ping_status":"closed","template":"","meta":{"_acf_changed":false,"footnotes":""},"class_list":["post-1237","page","type-page","status-publish","hentry"],"acf":[],"_links":{"self":[{"href":"https:\/\/pizzeriamirella.se\/index.php?rest_route=\/wp\/v2\/pages\/1237","targetHints":{"allow":["GET"]}}],"collection":[{"href":"https:\/\/pizzeriamirella.se\/index.php?rest_route=\/wp\/v2\/pages"}],"about":[{"href":"https:\/\/pizzeriamirella.se\/index.php?rest_route=\/wp\/v2\/types\/page"}],"author":[{"embeddable":true,"href":"https:\/\/pizzeriamirella.se\/index.php?rest_route=\/wp\/v2\/users\/1"}],"replies":[{"embeddable":true,"href":"https:\/\/pizzeriamirella.se\/index.php?rest_route=%2Fwp%2Fv2%2Fcomments&post=1237"}],"version-history":[{"count":22,"href":"https:\/\/pizzeriamirella.se\/index.php?rest_route=\/wp\/v2\/pages\/1237\/revisions"}],"predecessor-version":[{"id":1434,"href":"https:\/\/pizzeriamirella.se\/index.php?rest_route=\/wp\/v2\/pages\/1237\/revisions\/1434"}],"wp:attachment":[{"href":"https:\/\/pizzeriamirella.se\/index.php?rest_route=%2Fwp%2Fv2%2Fmedia&parent=1237"}],"curies":[{"name":"wp","href":"https:\/\/api.w.org\/{rel}","templated":true}]}}