{"id":1239,"date":"2023-05-21T20:23:45","date_gmt":"2023-05-21T20:23:45","guid":{"rendered":"https:\/\/pizzeriamirella.se\/?page_id=1239"},"modified":"2025-05-06T16:36:11","modified_gmt":"2025-05-06T16:36:11","slug":"a-la-carte","status":"publish","type":"page","link":"https:\/\/pizzeriamirella.se\/?page_id=1239","title":{"rendered":"A la Carte"},"content":{"rendered":"<div>\n<h3>A La Carte<\/h3>\n<\/div>\n<h2>\u00c1 La Carte &amp; Burgare<\/h2>\n<ul>\n<li>\n<h3>Fletto Di Manzo ala Griglia<\/h3>\n<p>249:-<\/p>\n<div>\n<p>Pepparstekt oxfile m grillade gr\u00f6nsaker &amp; peppars\u00e5s<\/p>\n<\/div>\n<\/li>\n<li>\n<h3>Bistecca ala Griglia<\/h3>\n<p>219:-<\/p>\n<div>\n<p>Grillad ryggbiff m grillade gr\u00f6nsaker, bearnaise och r\u00f6dvins\u00e5s.<\/p>\n<\/div>\n<\/li>\n<li>\n<h3>Filetto su Tavola ala Casa<\/h3>\n<p>249:-<\/p>\n<div>\n<p>Husets plankstek<br \/>Lax 179:- Ryggbiff 219:- Oxfil\u00e9 249:-<\/p>\n<\/div>\n<\/li>\n<li>\n<h3>Salmone alla Griglia<\/h3>\n<p>179:-<\/p>\n<div>\n<p>grillad lax, fetaostkr\u00e4m, grillade gr\u00f6nsaker, klyftpotatis<\/p>\n<\/div>\n<\/li>\n<li>\n<h3>Smash burgare &#8211; Bastard Burger <\/h3>\n<p>169:-<\/p>\n<div>\n<p>Klassisk cheeseburgare m. cheddarost, krispy sallad, l\u00f6k, saltgurka, chilimayo, senap &amp; ketschup.<\/p>\n<\/div>\n<\/li>\n<li>\n<h3>Smash burgare &#8211; Smokey Burger<\/h3>\n<p>169:-<\/p>\n<div>\n<p>Cheddarost, bbqs\u00e5s, bacon, l\u00f6k, saltgurka &amp; krispy sallad.<\/p>\n<\/div>\n<\/li>\n<li>\n<h3>Fish &#038; Chips<\/h3>\n<p>159:-<\/p>\n<\/li>\n<li>\n<h3>Hamgurgare 150gr<\/h3>\n<p>129:-<\/p>\n<div>\n<p>Hamburgare &amp; Pommes<\/p>\n<\/div>\n<\/li>\n<\/ul>\n<p><!--more--><br \/>\n<!-- {\"type\":\"layout\",\"children\":[{\"name\":\"Hero\",\"type\":\"section\",\"props\":{\"animation\":\"scale-up\",\"header_transparent\":true,\"header_transparent_noplaceholder\":false,\"height\":\"viewport\",\"height_offset_top\":true,\"height_viewport\":80,\"image\":\"wp-content\\\/uploads\\\/2023\\\/05\\\/pexels-photo-10549666.jpeg\",\"image_loading\":true,\"image_position\":\"center-center\",\"image_size\":\"cover\",\"media_blend_mode\":\"overlay\",\"media_overlay\":\"rgba(101, 99, 99, 0.35)\",\"padding\":\"xsmall\",\"style\":\"default\",\"text_color\":\"light\",\"title_breakpoint\":\"xl\",\"title_position\":\"top-left\",\"title_rotation\":\"left\",\"vertical_align\":\"middle\",\"width\":\"expand\"},\"children\":[{\"type\":\"row\",\"children\":[{\"type\":\"column\",\"props\":{\"image_position\":\"center-center\",\"position_sticky_breakpoint\":\"m\",\"width_medium\":\"1-1\"},\"children\":[{\"type\":\"panel\",\"props\":{\"block_align\":\"center\",\"content\":\"\",\"content_column_breakpoint\":\"m\",\"css\":\".el-section{\\n    border-radius: 24px;\\n}\",\"icon_width\":80,\"image_align\":\"top\",\"image_grid_breakpoint\":\"m\",\"image_grid_width\":\"1-2\",\"image_svg_color\":\"emphasis\",\"link_style\":\"default\",\"link_text\":\"Read more\",\"margin\":\"default\",\"maxwidth\":\"large\",\"meta_align\":\"below-title\",\"meta_element\":\"div\",\"meta_style\":\"text-meta\",\"panel_padding\":\"small\",\"panel_style\":\"card-secondary\",\"text_align\":\"center\",\"title\":\"A La Carte\",\"title_align\":\"top\",\"title_element\":\"h3\",\"title_grid_breakpoint\":\"m\",\"title_grid_width\":\"1-2\",\"title_hover_style\":\"reset\",\"title_style\":\"h1\"}}]}]}]},{\"name\":\"Pizzor\",\"type\":\"section\",\"props\":{\"image_effect\":\"parallax\",\"image_parallax_bgy\":\"-600,0\",\"image_parallax_easing\":\"1\",\"image_position\":\"center-right\",\"image_width\":\"480\",\"media_visibility\":\"m\",\"padding\":\"small\",\"style\":\"default\",\"title_breakpoint\":\"xl\",\"title_position\":\"top-left\",\"title_rotation\":\"left\",\"vertical_align\":\"\",\"width\":\"xlarge\"},\"children\":[{\"type\":\"row\",\"children\":[{\"type\":\"column\",\"props\":{\"image_position\":\"center-center\",\"position_sticky_breakpoint\":\"m\",\"width_medium\":\"1-1\"},\"children\":[{\"type\":\"headline\",\"props\":{\"content\":\"\\u00c1 La Carte &amp; Burgare\",\"text_align\":\"center\",\"title_element\":\"h2\",\"title_style\":\"heading-medium\"}}]}]},{\"type\":\"row\",\"props\":{\"column_gap\":\"large\",\"layout\":\"1-3,1-3,1-3\",\"margin\":\"large\",\"margin_remove_top\":false,\"row_gap\":\"large\"},\"children\":[{\"type\":\"column\",\"props\":{\"image_position\":\"center-center\",\"position_sticky_breakpoint\":\"m\",\"width_medium\":\"1-3\"}},{\"type\":\"column\",\"props\":{\"image_position\":\"center-center\",\"position_sticky_breakpoint\":\"m\",\"width_medium\":\"1-3\"},\"children\":[{\"type\":\"description_list\",\"props\":{\"column_breakpoint\":\"m\",\"layout\":\"grid-2-m\",\"list_element\":\"ul\",\"list_size\":\"large\",\"meta_align\":\"below-content\",\"meta_style\":\"h5\",\"show_content\":true,\"show_link\":true,\"show_meta\":true,\"show_title\":true,\"title_element\":\"h3\",\"title_grid_column_gap\":\"small\",\"title_grid_row_gap\":\"small\",\"title_grid_width\":\"expand\",\"title_style\":\"h5\"},\"children\":[{\"type\":\"description_list_item\",\"props\":{\"content\":\"\n\n<p>Pepparstekt oxfile m grillade gr\\u00f6nsaker &amp; peppars\\u00e5s<\\\/p>\",\"meta\":\"249:-\",\"title\":\"Fletto Di Manzo ala Griglia\"}},{\"type\":\"description_list_item\",\"props\":{\"content\":\"\n\n<p>Grillad ryggbiff m grillade gr\\u00f6nsaker, bearnaise och r\\u00f6dvins\\u00e5s.<\\\/p>\",\"meta\":\"219:-\",\"title\":\"Bistecca ala Griglia\"}},{\"type\":\"description_list_item\",\"props\":{\"content\":\"\n\n<p>Husets plankstek<br \\\/>Lax 179:- Ryggbiff 219:- Oxfil\\u00e9 249:-<\\\/p>\",\"meta\":\"249:-\",\"title\":\"Filetto su Tavola ala Casa\"}},{\"type\":\"description_list_item\",\"props\":{\"content\":\"\n\n<p>grillad lax, fetaostkr\\u00e4m, grillade gr\\u00f6nsaker, klyftpotatis<\\\/p>\",\"meta\":\"179:-\",\"title\":\"Salmone alla Griglia\"}},{\"type\":\"description_list_item\",\"props\":{\"content\":\"\n\n<p>Klassisk cheeseburgare m. cheddarost, krispy sallad, l\\u00f6k, saltgurka, chilimayo, senap &amp; ketschup.<\\\/p>\",\"meta\":\"169:-\",\"title\":\"Smash burgare - Bastard Burger \"}},{\"type\":\"description_list_item\",\"props\":{\"content\":\"\n\n<p>Cheddarost, bbqs\\u00e5s, bacon, l\\u00f6k, saltgurka &amp; krispy sallad.<\\\/p>\",\"meta\":\"169:-\",\"title\":\"Smash burgare - Smokey Burger\"}},{\"type\":\"description_list_item\",\"props\":{\"content\":\"\",\"meta\":\"159:-\",\"title\":\"Fish & Chips\"}},{\"type\":\"description_list_item\",\"props\":{\"content\":\"\n\n<p>Hamburgare &amp; Pommes<\\\/p>\",\"meta\":\"129:-\",\"title\":\"Hamgurgare 150gr\"}}]}]},{\"type\":\"column\",\"props\":{\"image_position\":\"center-center\",\"position_sticky_breakpoint\":\"m\",\"width_medium\":\"1-3\"}}]}]},{\"name\":\"Gallery\",\"type\":\"section\",\"props\":{\"image_position\":\"center-center\",\"padding_remove_top\":true,\"style\":\"default\",\"title_breakpoint\":\"xl\",\"title_position\":\"top-left\",\"title_rotation\":\"left\",\"vertical_align\":\"\",\"width\":\"\"},\"children\":[{\"type\":\"row\",\"props\":{\"column_gap\":\"small\",\"layout\":\"1-2,1-4,1-4|1-1,1-2,1-2\",\"margin\":\"xlarge\",\"row_gap\":\"small\"},\"children\":[{\"type\":\"column\",\"props\":{\"css\":\".el-column {\\n\\tmin-height: 550px;\\n}\\n\\n@media (min-width: 1200px) {\\n    .el-column { min-height: 650px; }\\n}\\n\\n@media (min-width: 1921px) {\\n    .el-column { min-height: 750px; }\\n}\",\"image\":\"wp-content\\\/uploads\\\/2023\\\/05\\\/WhatsApp-Bild-2023-05-16-kl.-16.15.41.jpg\",\"image_position\":\"center-center\",\"image_size\":\"cover\",\"position_sticky_breakpoint\":\"m\",\"width_large\":\"1-2\",\"width_medium\":\"1-1\"}},{\"type\":\"column\",\"props\":{\"css\":\".el-column {\\n\\tmin-height: 300px;\\n}\",\"image\":\"wp-content\\\/uploads\\\/2023\\\/05\\\/WhatsApp-Bild-2023-05-16-kl.-16.17.05.jpg\",\"image_position\":\"center-center\",\"image_size\":\"cover\",\"position_sticky_breakpoint\":\"m\",\"width_large\":\"1-4\",\"width_medium\":\"1-2\"}},{\"type\":\"column\",\"props\":{\"css\":\".el-column {\\n\\tmin-height: 300px;\\n}\",\"image\":\"wp-content\\\/uploads\\\/2023\\\/05\\\/WhatsApp-Bild-2023-05-16-kl.-16.16.53.jpg\",\"image_position\":\"center-center\",\"image_size\":\"cover\",\"position_sticky_breakpoint\":\"m\",\"width_large\":\"1-4\",\"width_medium\":\"1-2\"}}]}]}],\"version\":\"4.5.15\"} --><\/p>\n","protected":false},"excerpt":{"rendered":"<p>A La Carte \u00c1 La Carte &amp; Burgare Fletto Di Manzo ala Griglia 249:- Pepparstekt oxfile m grillade gr\u00f6nsaker &amp; peppars\u00e5s Bistecca ala Griglia 219:- Grillad ryggbiff m grillade gr\u00f6nsaker, bearnaise och r\u00f6dvins\u00e5s. Filetto su Tavola ala Casa 249:- Husets plankstekLax 179:- Ryggbiff 219:- Oxfil\u00e9 249:- Salmone alla Griglia 179:- grillad lax, fetaostkr\u00e4m, grillade gr\u00f6nsaker, [&hellip;]<\/p>\n","protected":false},"author":1,"featured_media":0,"parent":0,"menu_order":0,"comment_status":"closed","ping_status":"closed","template":"","meta":{"_acf_changed":false,"footnotes":""},"class_list":["post-1239","page","type-page","status-publish","hentry"],"acf":[],"_links":{"self":[{"href":"https:\/\/pizzeriamirella.se\/index.php?rest_route=\/wp\/v2\/pages\/1239","targetHints":{"allow":["GET"]}}],"collection":[{"href":"https:\/\/pizzeriamirella.se\/index.php?rest_route=\/wp\/v2\/pages"}],"about":[{"href":"https:\/\/pizzeriamirella.se\/index.php?rest_route=\/wp\/v2\/types\/page"}],"author":[{"embeddable":true,"href":"https:\/\/pizzeriamirella.se\/index.php?rest_route=\/wp\/v2\/users\/1"}],"replies":[{"embeddable":true,"href":"https:\/\/pizzeriamirella.se\/index.php?rest_route=%2Fwp%2Fv2%2Fcomments&post=1239"}],"version-history":[{"count":33,"href":"https:\/\/pizzeriamirella.se\/index.php?rest_route=\/wp\/v2\/pages\/1239\/revisions"}],"predecessor-version":[{"id":1438,"href":"https:\/\/pizzeriamirella.se\/index.php?rest_route=\/wp\/v2\/pages\/1239\/revisions\/1438"}],"wp:attachment":[{"href":"https:\/\/pizzeriamirella.se\/index.php?rest_route=%2Fwp%2Fv2%2Fmedia&parent=1239"}],"curies":[{"name":"wp","href":"https:\/\/api.w.org\/{rel}","templated":true}]}}