{"id":1240,"date":"2023-05-21T20:23:45","date_gmt":"2023-05-21T20:23:45","guid":{"rendered":"https:\/\/pizzeriamirella.se\/?page_id=1240"},"modified":"2025-05-06T16:38:15","modified_gmt":"2025-05-06T16:38:15","slug":"kebab","status":"publish","type":"page","link":"https:\/\/pizzeriamirella.se\/?page_id=1240","title":{"rendered":"Kebab"},"content":{"rendered":"<div>\n<h3>Kebab <\/h3>\n<\/div>\n<h2>Kebab<\/h2>\n<h2>Kebab<\/h2>\n<div>\n<p>Start \/ Mild vitl\u00f6k \/ Tomats\u00e5s<\/p>\n<\/div>\n<ul>\n<li>\n<h3>Kebab med Br\u00f6d<\/h3>\n<p>109:-<\/p>\n<div>\n<p>Isbergssallad, F\u00e4rsk tomat, L\u00f6k, Pepperoni<\/p>\n<\/div>\n<\/li>\n<li>\n<h3>Kebabrulle<\/h3>\n<p>145:-<\/p>\n<div>\n<p>Isbergssallad, F\u00e4rsk tomat, L\u00f6k, Pepperoni<\/p>\n<\/div>\n<\/li>\n<li>\n<h3>Kebabtallrik<\/h3>\n<p>145:-<\/p>\n<div>\n<p><strong>Med Pommes eller Ris<\/strong><br \/>Isbergssallad, F\u00e4rsk tomat, L\u00f6k, Pepperoni<\/p>\n<\/div>\n<\/li>\n<li>\n<h3>Iskender<\/h3>\n<p>145:-<\/p>\n<div>\n<p>Br\u00f6dbittar, Isbergssallad, F\u00e4rsk tomat, L\u00f6k, Pepperoni, Yoghurt<\/p>\n<\/div>\n<\/li>\n<li>\n<h3>Falafel med br\u00f6d<\/h3>\n<p>109:-<\/p>\n<div>\n<p>Isbergssallad, F\u00e4rsk tomat, L\u00f6k, Pepperoni<\/p>\n<\/div>\n<\/li>\n<li>\n<h3>Falafel Rulle<\/h3>\n<p>145:-<\/p>\n<div>\n<p>Isbergssallad, F\u00e4rsk tomat, L\u00f6k, Pepperoni<\/p>\n<\/div>\n<\/li>\n<li>\n<h3>Falafel Tallrik<\/h3>\n<p>145:-<\/p>\n<div>\n<p>pommes frites eller ris<\/p>\n<\/div>\n<\/li>\n<\/ul>\n<p><!--more--><br \/>\n<!-- {\"type\":\"layout\",\"children\":[{\"name\":\"Hero\",\"type\":\"section\",\"props\":{\"animation\":\"scale-up\",\"header_transparent\":true,\"header_transparent_noplaceholder\":false,\"height\":\"viewport\",\"height_offset_top\":true,\"height_viewport\":80,\"image\":\"wp-content\\\/uploads\\\/2023\\\/05\\\/adobestock-45762621-scaled.jpg\",\"image_loading\":true,\"image_position\":\"center-center\",\"image_size\":\"cover\",\"media_blend_mode\":\"overlay\",\"media_overlay\":\"rgba(101, 99, 99, 0.35)\",\"padding\":\"xsmall\",\"style\":\"default\",\"text_color\":\"light\",\"title_breakpoint\":\"xl\",\"title_position\":\"top-left\",\"title_rotation\":\"left\",\"vertical_align\":\"middle\",\"width\":\"expand\"},\"children\":[{\"type\":\"row\",\"children\":[{\"type\":\"column\",\"props\":{\"image_position\":\"center-center\",\"position_sticky_breakpoint\":\"m\",\"width_medium\":\"1-1\"},\"children\":[{\"type\":\"panel\",\"props\":{\"block_align\":\"center\",\"content\":\"\",\"content_column_breakpoint\":\"m\",\"css\":\".el-section{\\n    border-radius: 24px;\\n}\",\"icon_width\":80,\"image_align\":\"top\",\"image_grid_breakpoint\":\"m\",\"image_grid_width\":\"1-2\",\"image_svg_color\":\"emphasis\",\"link_style\":\"default\",\"link_text\":\"Read more\",\"margin\":\"default\",\"maxwidth\":\"large\",\"meta_align\":\"below-title\",\"meta_element\":\"div\",\"meta_style\":\"text-meta\",\"panel_padding\":\"small\",\"panel_style\":\"card-secondary\",\"text_align\":\"center\",\"title\":\"Kebab \",\"title_align\":\"top\",\"title_element\":\"h3\",\"title_grid_breakpoint\":\"m\",\"title_grid_width\":\"1-2\",\"title_hover_style\":\"reset\",\"title_style\":\"h1\"}}]}]}]},{\"name\":\"Pizzor\",\"type\":\"section\",\"props\":{\"image_effect\":\"parallax\",\"image_parallax_bgy\":\"-600,0\",\"image_parallax_easing\":\"1\",\"image_position\":\"center-right\",\"image_width\":\"480\",\"media_visibility\":\"m\",\"padding\":\"small\",\"style\":\"default\",\"title_breakpoint\":\"xl\",\"title_position\":\"top-left\",\"title_rotation\":\"left\",\"vertical_align\":\"\",\"width\":\"xlarge\"},\"children\":[{\"type\":\"row\",\"props\":{\"column_gap\":\"large\",\"layout\":\"1-3,1-3,1-3\",\"margin\":\"large\",\"margin_remove_top\":false,\"row_gap\":\"large\"},\"children\":[{\"type\":\"column\",\"props\":{\"image_position\":\"center-center\",\"position_sticky_breakpoint\":\"m\",\"width_medium\":\"1-3\"}},{\"type\":\"column\",\"props\":{\"image_position\":\"center-center\",\"position_sticky_breakpoint\":\"m\",\"width_medium\":\"1-3\"},\"children\":[{\"type\":\"headline\",\"props\":{\"content\":\"Kebab\",\"text_align\":\"center\",\"title_element\":\"h2\",\"title_style\":\"heading-medium\"}},{\"type\":\"headline\",\"props\":{\"content\":\"Kebab\",\"title_element\":\"h2\"}},{\"type\":\"text\",\"props\":{\"column_breakpoint\":\"m\",\"content\":\"\n\n<p>Start \\\/ Mild vitl\\u00f6k \\\/ Tomats\\u00e5s<\\\/p>\",\"margin\":\"default\"}},{\"type\":\"description_list\",\"props\":{\"column_breakpoint\":\"m\",\"layout\":\"grid-2-m\",\"list_element\":\"ul\",\"list_size\":\"large\",\"meta_align\":\"below-content\",\"meta_style\":\"h5\",\"show_content\":true,\"show_link\":true,\"show_meta\":true,\"show_title\":true,\"title_element\":\"h3\",\"title_grid_column_gap\":\"small\",\"title_grid_row_gap\":\"small\",\"title_grid_width\":\"expand\",\"title_style\":\"h5\"},\"children\":[{\"type\":\"description_list_item\",\"props\":{\"content\":\"\n\n<p>Isbergssallad, F\\u00e4rsk tomat, L\\u00f6k, Pepperoni<\\\/p>\",\"meta\":\"109:-\",\"title\":\"Kebab med Br\\u00f6d\"}},{\"type\":\"description_list_item\",\"props\":{\"content\":\"\n\n<p>Isbergssallad, F\\u00e4rsk tomat, L\\u00f6k, Pepperoni<\\\/p>\",\"meta\":\"145:-\",\"title\":\"Kebabrulle\"}},{\"type\":\"description_list_item\",\"props\":{\"content\":\"\n\n<p><strong>Med Pommes eller Ris<\\\/strong><br \\\/>Isbergssallad, F\\u00e4rsk tomat, L\\u00f6k, Pepperoni<\\\/p>\",\"meta\":\"145:-\",\"title\":\"Kebabtallrik\"}},{\"type\":\"description_list_item\",\"props\":{\"content\":\"\n\n<p>Br\\u00f6dbittar, Isbergssallad, F\\u00e4rsk tomat, L\\u00f6k, Pepperoni, Yoghurt<\\\/p>\",\"meta\":\"145:-\",\"title\":\"Iskender\"}},{\"type\":\"description_list_item\",\"props\":{\"content\":\"\n\n<p>Isbergssallad, F\\u00e4rsk tomat, L\\u00f6k, Pepperoni<\\\/p>\",\"meta\":\"109:-\",\"title\":\"Falafel med br\\u00f6d\"}},{\"type\":\"description_list_item\",\"props\":{\"content\":\"\n\n<p>Isbergssallad, F\\u00e4rsk tomat, L\\u00f6k, Pepperoni<\\\/p>\",\"meta\":\"145:-\",\"title\":\"Falafel Rulle\"}},{\"type\":\"description_list_item\",\"props\":{\"content\":\"\n\n<p>pommes frites eller ris<br \\\/><br \\\/><\\\/p>\",\"meta\":\"145:-\",\"title\":\"Falafel Tallrik\"}}]}]},{\"type\":\"column\",\"props\":{\"image_position\":\"center-center\",\"position_sticky_breakpoint\":\"m\",\"width_medium\":\"1-3\"}}]}]},{\"name\":\"Gallery\",\"type\":\"section\",\"props\":{\"image_position\":\"center-center\",\"padding_remove_top\":true,\"style\":\"default\",\"title_breakpoint\":\"xl\",\"title_position\":\"top-left\",\"title_rotation\":\"left\",\"vertical_align\":\"\",\"width\":\"\"},\"children\":[{\"type\":\"row\",\"props\":{\"column_gap\":\"small\",\"layout\":\"1-2,1-4,1-4|1-1,1-2,1-2\",\"margin\":\"xlarge\",\"row_gap\":\"small\"},\"children\":[{\"type\":\"column\",\"props\":{\"css\":\".el-column {\\n\\tmin-height: 550px;\\n}\\n\\n@media (min-width: 1200px) {\\n    .el-column { min-height: 650px; }\\n}\\n\\n@media (min-width: 1921px) {\\n    .el-column { min-height: 750px; }\\n}\",\"image\":\"wp-content\\\/uploads\\\/2023\\\/05\\\/WhatsApp-Bild-2023-05-16-kl.-16.15.41.jpg\",\"image_position\":\"center-center\",\"image_size\":\"cover\",\"position_sticky_breakpoint\":\"m\",\"width_large\":\"1-2\",\"width_medium\":\"1-1\"}},{\"type\":\"column\",\"props\":{\"css\":\".el-column {\\n\\tmin-height: 300px;\\n}\",\"image\":\"wp-content\\\/uploads\\\/2023\\\/05\\\/WhatsApp-Bild-2023-05-16-kl.-16.17.05.jpg\",\"image_position\":\"center-center\",\"image_size\":\"cover\",\"position_sticky_breakpoint\":\"m\",\"width_large\":\"1-4\",\"width_medium\":\"1-2\"}},{\"type\":\"column\",\"props\":{\"css\":\".el-column {\\n\\tmin-height: 300px;\\n}\",\"image\":\"wp-content\\\/uploads\\\/2023\\\/05\\\/WhatsApp-Bild-2023-05-16-kl.-16.16.53.jpg\",\"image_position\":\"center-center\",\"image_size\":\"cover\",\"position_sticky_breakpoint\":\"m\",\"width_large\":\"1-4\",\"width_medium\":\"1-2\"}}]}]}],\"version\":\"4.5.15\"} --><\/p>\n","protected":false},"excerpt":{"rendered":"<p>Kebab Kebab Kebab Start \/ Mild vitl\u00f6k \/ Tomats\u00e5s Kebab med Br\u00f6d 109:- Isbergssallad, F\u00e4rsk tomat, L\u00f6k, Pepperoni Kebabrulle 145:- Isbergssallad, F\u00e4rsk tomat, L\u00f6k, Pepperoni Kebabtallrik 145:- Med Pommes eller RisIsbergssallad, F\u00e4rsk tomat, L\u00f6k, Pepperoni Iskender 145:- Br\u00f6dbittar, Isbergssallad, F\u00e4rsk tomat, L\u00f6k, Pepperoni, Yoghurt Falafel med br\u00f6d 109:- Isbergssallad, F\u00e4rsk tomat, L\u00f6k, Pepperoni Falafel Rulle [&hellip;]<\/p>\n","protected":false},"author":1,"featured_media":0,"parent":0,"menu_order":0,"comment_status":"closed","ping_status":"closed","template":"","meta":{"_acf_changed":false,"footnotes":""},"class_list":["post-1240","page","type-page","status-publish","hentry"],"acf":[],"_links":{"self":[{"href":"https:\/\/pizzeriamirella.se\/index.php?rest_route=\/wp\/v2\/pages\/1240","targetHints":{"allow":["GET"]}}],"collection":[{"href":"https:\/\/pizzeriamirella.se\/index.php?rest_route=\/wp\/v2\/pages"}],"about":[{"href":"https:\/\/pizzeriamirella.se\/index.php?rest_route=\/wp\/v2\/types\/page"}],"author":[{"embeddable":true,"href":"https:\/\/pizzeriamirella.se\/index.php?rest_route=\/wp\/v2\/users\/1"}],"replies":[{"embeddable":true,"href":"https:\/\/pizzeriamirella.se\/index.php?rest_route=%2Fwp%2Fv2%2Fcomments&post=1240"}],"version-history":[{"count":24,"href":"https:\/\/pizzeriamirella.se\/index.php?rest_route=\/wp\/v2\/pages\/1240\/revisions"}],"predecessor-version":[{"id":1447,"href":"https:\/\/pizzeriamirella.se\/index.php?rest_route=\/wp\/v2\/pages\/1240\/revisions\/1447"}],"wp:attachment":[{"href":"https:\/\/pizzeriamirella.se\/index.php?rest_route=%2Fwp%2Fv2%2Fmedia&parent=1240"}],"curies":[{"name":"wp","href":"https:\/\/api.w.org\/{rel}","templated":true}]}}